{"id":24,"date":"2020-02-18T14:35:22","date_gmt":"2020-02-18T14:35:22","guid":{"rendered":"http:\/\/educationrobotics.ch\/?page_id=24"},"modified":"2020-06-27T13:38:51","modified_gmt":"2020-06-27T13:38:51","slug":"produkt","status":"publish","type":"page","link":"https:\/\/educationrobotics.ch\/?page_id=24","title":{"rendered":"Produkt"},"content":{"rendered":"\n<p>Der Unterrichtsroboter ist unsere L\u00f6sung auf die Schwierigkeiten in der Umsetzung des neuen Fachs Medien und Informatik.<\/p>\n\n\n\n<div style=\"height:36px\" aria-hidden=\"true\" class=\"wp-block-spacer\"><\/div>\n\n\n\n<h2 class=\"wp-block-heading\">Edi Roboter<\/h2>\n\n\n<p>Mit dem neuen Edi Roboter l\u00e4sst sich der Medien und Informatik Unterricht leicht gestalten. Mit der \u00fcbersichtlichen und leicht anwendbaren Lernsoftware erlernen die Sch\u00fclerinnen und Sch\u00fcler das theoretische Wissen zum Programmieren und wenden dieses sogleich praktisch an.<\/p>\n<p>Neben dem Programmieren geh\u00f6rt auch das Auswerten der Aufgaben und das Darstellen der Resultate zum Unterricht. In kurzen Theoriebl\u00f6cken lernen die Kinder, wie Informationen verarbeitet werden, und sehen dies an ihrem eigenen Handeln.<\/p>\n<p>Hardware:<\/p>\n<ul>\n<li>Roboter mit integriertem Computer<\/li>\n<li>Bildschirm<\/li>\n<li>Tastatur und Maus<\/li>\n<li>Material f\u00fcr Anwendungsaufgaben<\/li>\n<\/ul>\n\n\n<div class=\"wp-block-media-text alignwide has-media-on-the-right\"><figure class=\"wp-block-media-text__media\"><img loading=\"lazy\" decoding=\"async\" width=\"768\" height=\"1024\" src=\"https:\/\/educationrobotics.ch\/wp-content\/uploads\/2020\/03\/EdiRoboter-768x1024.jpg\" alt=\"\" class=\"wp-image-95\" srcset=\"https:\/\/educationrobotics.ch\/wp-content\/uploads\/2020\/03\/EdiRoboter-768x1024.jpg 768w, https:\/\/educationrobotics.ch\/wp-content\/uploads\/2020\/03\/EdiRoboter-225x300.jpg 225w, https:\/\/educationrobotics.ch\/wp-content\/uploads\/2020\/03\/EdiRoboter-1152x1536.jpg 1152w, https:\/\/educationrobotics.ch\/wp-content\/uploads\/2020\/03\/EdiRoboter.jpg 1297w\" sizes=\"auto, (max-width: 768px) 100vw, 768px\" \/><\/figure><div class=\"wp-block-media-text__content\">\n<p class=\"has-normal-font-size\"><strong>Der Edi-Roboter ist noch in der Entwicklung und wird voraussichtlich 2021 erh\u00e4ltlich sein. Rechts ist unser Prototyp bereits ersichtlich.<\/strong><\/p>\n<\/div><\/div>\n\n\n<p>Vorteile des Edi Roboters:<\/p>\n<ul>\n<li>Unterricht auf symbolischer, ikonischer und enaktiver Ebene<\/li>\n<li>Anwendungsorientiert mit echten Problemstellungen<\/li>\n<li>eingebettete Theorie f\u00fcr vertieftes Verst\u00e4ndnis<\/li>\n<li>unterschiedliche Schwierigkeits- und Abstrahierungsstufen f\u00fcr erleichterte Differenzierung<\/li>\n<li>\u00fcbersichtliche, leicht verst\u00e4ndliche Lernsoftware<\/li>\n<li>Erreichen s\u00e4mtlicher Informatik-Lernziele des LP 21<\/li>\n<li>f\u00fcr Kinder interessante Lernweise<\/li>\n<\/ul>","protected":false},"excerpt":{"rendered":"<p>Der Unterrichtsroboter ist unsere L\u00f6sung auf die Schwierigkeiten in der Umsetzung des neuen Fachs Medien und Informatik. Edi Roboter Mit dem neuen Edi Roboter l\u00e4sst sich der Medien und Informatik Unterricht leicht gestalten. Mit der \u00fcbersichtlichen und leicht anwendbaren Lernsoftware erlernen die Sch\u00fclerinnen und Sch\u00fcler das theoretische Wissen zum Programmieren und wenden dieses sogleich praktisch [&hellip;]<\/p>\n","protected":false},"author":1,"featured_media":0,"parent":0,"menu_order":0,"comment_status":"closed","ping_status":"closed","template":"","meta":{"footnotes":""},"class_list":["post-24","page","type-page","status-publish","hentry"],"_links":{"self":[{"href":"https:\/\/educationrobotics.ch\/index.php?rest_route=\/wp\/v2\/pages\/24","targetHints":{"allow":["GET"]}}],"collection":[{"href":"https:\/\/educationrobotics.ch\/index.php?rest_route=\/wp\/v2\/pages"}],"about":[{"href":"https:\/\/educationrobotics.ch\/index.php?rest_route=\/wp\/v2\/types\/page"}],"author":[{"embeddable":true,"href":"https:\/\/educationrobotics.ch\/index.php?rest_route=\/wp\/v2\/users\/1"}],"replies":[{"embeddable":true,"href":"https:\/\/educationrobotics.ch\/index.php?rest_route=%2Fwp%2Fv2%2Fcomments&post=24"}],"version-history":[{"count":9,"href":"https:\/\/educationrobotics.ch\/index.php?rest_route=\/wp\/v2\/pages\/24\/revisions"}],"predecessor-version":[{"id":115,"href":"https:\/\/educationrobotics.ch\/index.php?rest_route=\/wp\/v2\/pages\/24\/revisions\/115"}],"wp:attachment":[{"href":"https:\/\/educationrobotics.ch\/index.php?rest_route=%2Fwp%2Fv2%2Fmedia&parent=24"}],"curies":[{"name":"wp","href":"https:\/\/api.w.org\/{rel}","templated":true}]}}