{"id":25,"date":"2020-02-18T14:35:22","date_gmt":"2020-02-18T14:35:22","guid":{"rendered":"http:\/\/educationrobotics.ch\/?page_id=25"},"modified":"2020-03-04T11:33:00","modified_gmt":"2020-03-04T11:33:00","slug":"team","status":"publish","type":"page","link":"https:\/\/educationrobotics.ch\/?page_id=25","title":{"rendered":"Team"},"content":{"rendered":"\n<div class=\"wp-block-media-text alignwide is-vertically-aligned-top\"><figure class=\"wp-block-media-text__media\"><img loading=\"lazy\" decoding=\"async\" width=\"1024\" height=\"1024\" src=\"https:\/\/educationrobotics.ch\/wp-content\/uploads\/2020\/02\/JohannesFurrer-1024x1024.jpg\" alt=\"\" class=\"wp-image-61\" srcset=\"https:\/\/educationrobotics.ch\/wp-content\/uploads\/2020\/02\/JohannesFurrer-1024x1024.jpg 1024w, https:\/\/educationrobotics.ch\/wp-content\/uploads\/2020\/02\/JohannesFurrer-300x300.jpg 300w, https:\/\/educationrobotics.ch\/wp-content\/uploads\/2020\/02\/JohannesFurrer-150x150.jpg 150w, https:\/\/educationrobotics.ch\/wp-content\/uploads\/2020\/02\/JohannesFurrer-768x768.jpg 768w, https:\/\/educationrobotics.ch\/wp-content\/uploads\/2020\/02\/JohannesFurrer-1536x1536.jpg 1536w, https:\/\/educationrobotics.ch\/wp-content\/uploads\/2020\/02\/JohannesFurrer.jpg 1701w\" sizes=\"auto, (max-width: 1024px) 100vw, 1024px\" \/><\/figure><div class=\"wp-block-media-text__content\">\n<p style=\"font-size:30px\">Johannes Furrer<\/p>\n\n\n\n<p>2007 &#8211; 2011     Klettgau Garage G\u00e4chlingen, Lehre als Automobil-Mechatroniker<\/p>\n\n\n\n<p>2011 &#8211; 2012     GBA Ships, Mechaniker auf einem Hochseeschiff<\/p>\n\n\n\n<p>2013                 Schweizer Armee, Durchdiener als Motormechaniker<\/p>\n\n\n\n<p>2014 &#8211; 2017     Bosch Beringen, Service Monteur<\/p>\n\n\n\n<p>2017 &#8211; 2019     HFTM Biel, Systemtechnik<\/p>\n\n\n\n<p>2019 &#8211; 2020     Glyndwr University Wrexham, BSc Industrial Engineering Mechatronics<\/p>\n<\/div><\/div>\n\n\n\n<div class=\"wp-block-media-text alignwide has-media-on-the-right is-vertically-aligned-top\"><figure class=\"wp-block-media-text__media\"><img loading=\"lazy\" decoding=\"async\" width=\"464\" height=\"464\" src=\"https:\/\/educationrobotics.ch\/wp-content\/uploads\/2020\/02\/bajka-3.jpg\" alt=\"\" class=\"wp-image-60\" srcset=\"https:\/\/educationrobotics.ch\/wp-content\/uploads\/2020\/02\/bajka-3.jpg 464w, https:\/\/educationrobotics.ch\/wp-content\/uploads\/2020\/02\/bajka-3-300x300.jpg 300w, https:\/\/educationrobotics.ch\/wp-content\/uploads\/2020\/02\/bajka-3-150x150.jpg 150w\" sizes=\"auto, (max-width: 464px) 100vw, 464px\" \/><\/figure><div class=\"wp-block-media-text__content\">\n<p class=\"has-large-font-size\">Bajka Furrer<\/p>\n\n\n\n<p>2011 &#8211; 2015     Kantonsschule SH, Profil S<\/p>\n\n\n\n<p>2015 &#8211; 2016     CAIPAD Ayumisanca Costa Rica, Lehrperson f\u00fcr beeintr\u00e4chtige Erwachsene<\/p>\n\n\n\n<p>2016                 Div. Spit\u00e4ler und Wohnheime, Pflege- und Betreuung<\/p>\n\n\n\n<p>2016 &#8211; 2019     PHSH, Primarlehrperson<\/p>\n\n\n\n<p>2019 &#8211; 2020     Wrexham Wales, Auslandaufenthalt<\/p>\n<\/div><\/div>\n\n\n\n<div style=\"height:100px\" aria-hidden=\"true\" class=\"wp-block-spacer\"><\/div>\n\n\n\n<hr class=\"wp-block-separator\"\/>\n\n\n\n<div style=\"height:100px\" aria-hidden=\"true\" class=\"wp-block-spacer\"><\/div>\n\n\n<p>Johannes interessiert sich f\u00fcr Technik, Bajka f\u00fcr P\u00e4dagogik &#8211; eine bessere Mischung gibt es nicht.<\/p>\n<p>Schon als Kind war Johannes fasziniert von Computern und anderen elektronischen Ger\u00e4ten. Bald schon reparierte er zuhause das Internet oder die Spielkonsolen seiner Br\u00fcder. Er besch\u00e4ftigte sich mit technischen Inhalten und lernte viel, indem er alles nachschaute, ausprobierte und sich in den richtigen Momenten Hilfe holte.<br \/>Auch Bajka lernte gerne, jedoch nicht unbedingt \u00fcber Technik. Sie interessierte sich vielmehr f\u00fcr das Lernen an sich und begann schon fr\u00fch, anderen Kindern spannende Dinge zu erkl\u00e4ren oder beizubringen.<br \/>Bei beiden blieb dieses Interesse und wurde zu einer Leidenschaft.<\/p>\n<p>Nun wollen wir unsere F\u00e4higkeiten und Fertigkeiten nutzen und zusammenf\u00fchren. Relevante technische Inhalte auf p\u00e4dagogisch sinnvolle Weise unterrichtet, daf\u00fcr setzen wir uns ein.<\/p>","protected":false},"excerpt":{"rendered":"<p>Johannes Furrer 2007 &#8211; 2011 Klettgau Garage G\u00e4chlingen, Lehre als Automobil-Mechatroniker 2011 &#8211; 2012 GBA Ships, Mechaniker auf einem Hochseeschiff 2013 Schweizer Armee, Durchdiener als Motormechaniker 2014 &#8211; 2017 Bosch Beringen, Service Monteur 2017 &#8211; 2019 HFTM Biel, Systemtechnik 2019 &#8211; 2020 Glyndwr University Wrexham, BSc Industrial Engineering Mechatronics Bajka Furrer 2011 &#8211; 2015 Kantonsschule [&hellip;]<\/p>\n","protected":false},"author":1,"featured_media":0,"parent":0,"menu_order":0,"comment_status":"closed","ping_status":"closed","template":"","meta":{"footnotes":""},"class_list":["post-25","page","type-page","status-publish","hentry"],"_links":{"self":[{"href":"https:\/\/educationrobotics.ch\/index.php?rest_route=\/wp\/v2\/pages\/25","targetHints":{"allow":["GET"]}}],"collection":[{"href":"https:\/\/educationrobotics.ch\/index.php?rest_route=\/wp\/v2\/pages"}],"about":[{"href":"https:\/\/educationrobotics.ch\/index.php?rest_route=\/wp\/v2\/types\/page"}],"author":[{"embeddable":true,"href":"https:\/\/educationrobotics.ch\/index.php?rest_route=\/wp\/v2\/users\/1"}],"replies":[{"embeddable":true,"href":"https:\/\/educationrobotics.ch\/index.php?rest_route=%2Fwp%2Fv2%2Fcomments&post=25"}],"version-history":[{"count":3,"href":"https:\/\/educationrobotics.ch\/index.php?rest_route=\/wp\/v2\/pages\/25\/revisions"}],"predecessor-version":[{"id":110,"href":"https:\/\/educationrobotics.ch\/index.php?rest_route=\/wp\/v2\/pages\/25\/revisions\/110"}],"wp:attachment":[{"href":"https:\/\/educationrobotics.ch\/index.php?rest_route=%2Fwp%2Fv2%2Fmedia&parent=25"}],"curies":[{"name":"wp","href":"https:\/\/api.w.org\/{rel}","templated":true}]}}