{"id":26,"date":"2020-02-18T14:35:23","date_gmt":"2020-02-18T14:35:23","guid":{"rendered":"http:\/\/educationrobotics.ch\/?page_id=26"},"modified":"2020-06-27T13:39:38","modified_gmt":"2020-06-27T13:39:38","slug":"lehrplan-21","status":"publish","type":"page","link":"https:\/\/educationrobotics.ch\/?page_id=26","title":{"rendered":"Lehrplan 21"},"content":{"rendered":"<p>Unsere Unterrichtssoftware gr\u00fcndet auf den im Lehrplan 21 genannten Kompetenzen. Dies erm\u00f6glicht zielorientierten Unterricht, wobei auch die Differenzierungm\u00f6glichkeiten nicht ausgelassen werden.<\/p>\n\n\n<div style=\"height:41px\" aria-hidden=\"true\" class=\"wp-block-spacer\"><\/div>\n\n\n\n<h3 class=\"wp-block-heading\">Informatik<\/h3>\n\n\n<ol>\n<li>Die Sch\u00fclerinnen und Sch\u00fcler k\u00f6nnen Daten aus ihrer Umwelt darstellen, strukturieren und auswerten.<\/li>\n<li>Die Sch\u00fclerinnen und Sch\u00fcler k\u00f6nnen einfache Problemstellungen analysieren, m\u00f6gliche L\u00f6sungsverfahren beschreiben und in Programmen umsetzen.<\/li>\n<li>Die Sch\u00fclerinnen und Sch\u00fcler verstehen Aufbau und Funktionsweise von informationsverarbeitenden Systemen und k\u00f6nnen Konzepte der sicheren Datenverarbeitung anwenden.<\/li>\n<\/ol>\n\n\n<div style=\"height:44px\" aria-hidden=\"true\" class=\"wp-block-spacer\"><\/div>\n\n\n<p><a href=\"https:\/\/www.lehrplan21.ch\/\">https:\/\/www.lehrplan21.ch\/<\/a><\/p>","protected":false},"excerpt":{"rendered":"<p>Unsere Unterrichtssoftware gr\u00fcndet auf den im Lehrplan 21 genannten Kompetenzen. Dies erm\u00f6glicht zielorientierten Unterricht, wobei auch die Differenzierungm\u00f6glichkeiten nicht ausgelassen werden. Informatik Die Sch\u00fclerinnen und Sch\u00fcler k\u00f6nnen Daten aus ihrer Umwelt darstellen, strukturieren und auswerten. Die Sch\u00fclerinnen und Sch\u00fcler k\u00f6nnen einfache Problemstellungen analysieren, m\u00f6gliche L\u00f6sungsverfahren beschreiben und in Programmen umsetzen. Die Sch\u00fclerinnen und Sch\u00fcler verstehen [&hellip;]<\/p>\n","protected":false},"author":1,"featured_media":0,"parent":0,"menu_order":0,"comment_status":"closed","ping_status":"closed","template":"","meta":{"footnotes":""},"class_list":["post-26","page","type-page","status-publish","hentry"],"_links":{"self":[{"href":"https:\/\/educationrobotics.ch\/index.php?rest_route=\/wp\/v2\/pages\/26","targetHints":{"allow":["GET"]}}],"collection":[{"href":"https:\/\/educationrobotics.ch\/index.php?rest_route=\/wp\/v2\/pages"}],"about":[{"href":"https:\/\/educationrobotics.ch\/index.php?rest_route=\/wp\/v2\/types\/page"}],"author":[{"embeddable":true,"href":"https:\/\/educationrobotics.ch\/index.php?rest_route=\/wp\/v2\/users\/1"}],"replies":[{"embeddable":true,"href":"https:\/\/educationrobotics.ch\/index.php?rest_route=%2Fwp%2Fv2%2Fcomments&post=26"}],"version-history":[{"count":6,"href":"https:\/\/educationrobotics.ch\/index.php?rest_route=\/wp\/v2\/pages\/26\/revisions"}],"predecessor-version":[{"id":116,"href":"https:\/\/educationrobotics.ch\/index.php?rest_route=\/wp\/v2\/pages\/26\/revisions\/116"}],"wp:attachment":[{"href":"https:\/\/educationrobotics.ch\/index.php?rest_route=%2Fwp%2Fv2%2Fmedia&parent=26"}],"curies":[{"name":"wp","href":"https:\/\/api.w.org\/{rel}","templated":true}]}}